{"id":2018,"date":"2016-03-30T13:24:24","date_gmt":"2016-03-30T13:24:24","guid":{"rendered":"http:\/\/sandbox.curlythemes.com\/pirouette\/?page_id=5"},"modified":"2025-08-24T10:42:53","modified_gmt":"2025-08-24T08:42:53","slug":"news","status":"publish","type":"page","link":"http:\/\/danseafrolatine.fr\/V2\/?page_id=2018","title":{"rendered":"Actualit\u00e9s"},"content":{"rendered":"[vc_row][vc_column][vc_tta_pageable no_fill_content_area=\u00a0\u00bbtrue\u00a0\u00bb autoplay=\u00a0\u00bb3&Prime; active_section=\u00a0\u00bb1&Prime; pagination_style=\u00a0\u00bboutline-square\u00a0\u00bb pagination_color=\u00a0\u00bbblack\u00a0\u00bb tab_position=\u00a0\u00bbtop\u00a0\u00bb][vc_tta_section title=\u00a0\u00bbF\u00eate de la Tarte en Prunes\u00a0\u00bb tab_id=\u00a0\u00bb1657992344539-75b2f9c9-e7ca\u00a0\u00bb][vc_column_text]\n<h2 style=\"text-align: center;\">PORTES OUVERTES<br \/>\nSaison 2025\/2026<\/h2>\n[\/vc_column_text][vc_row_inner][vc_column_inner][vc_single_image image=\u00a0\u00bb2733&Prime; img_size=\u00a0\u00bblarge\u00a0\u00bb alignment=\u00a0\u00bbcenter\u00a0\u00bb][vc_column_text]\n<p style=\"text-align: center;\"><strong><span style=\"color: #000000;\">PORTES OUVERTES DU 8 AU 20 SEPT<\/span><\/strong><\/p>\n<p style=\"text-align: center;\">Viens d\u00e9couvrir l&rsquo;ensemble de nos disciplines en illimit\u00e9 pendant 2 semaines<br \/>\nGRATUITEMENT !<\/p>\n[\/vc_column_text][\/vc_column_inner][\/vc_row_inner][\/vc_tta_section][vc_tta_section title=\u00a0\u00bbLa Guinguette Dal Mago\u00a0\u00bb tab_id=\u00a0\u00bb1657992344409-a83f2ad8-5ae7&Prime;][vc_column_text]\n<h2 style=\"text-align: center;\"><span style=\"color: #000000;\">Rejoins nous tous l&rsquo;\u00e9t\u00e9<\/span><\/h2>\n<h2 style=\"text-align: center;\"><span style=\"color: #000000;\">\u00e0 la Guinguette Dal Mago\u00a0<\/span><\/h2>\n[\/vc_column_text][vc_single_image image=\u00a0\u00bb2736&Prime; img_size=\u00a0\u00bblarge\u00a0\u00bb alignment=\u00a0\u00bbcenter\u00a0\u00bb][\/vc_tta_section][vc_tta_section title=\u00a0\u00bbEdalu Fiesta\u00a0\u00bb tab_id=\u00a0\u00bb1657992344246-c5a74c34-04f2&Prime;][vc_column_text]\n<h2 style=\"text-align: center;\"><span style=\"color: #000000;\"><span style=\"caret-color: #000000;\">Nos soir\u00e9es EDALU FIESTA reprennent \u00e0 la rentr\u00e9e !<br \/>\nPour te tenir inform\u00e9 regarde notre instagram : ecoledanseafrolatinesurbaines<br \/>\n<\/span><\/span><\/h2>\n[\/vc_column_text][\/vc_tta_section][vc_tta_section title=\u00a0\u00bbFestival Afro Latino de Meaux\u00a0\u00bb tab_id=\u00a0\u00bb1727388290762-762fbeeb-640f\u00a0\u00bb][vc_column_text]\n<h1>Le Festival Afro Latino de Meaux<\/h1>\n[\/vc_column_text][vc_column_text]Note bien la date d\u00e8s \u00e0 pr\u00e9sent :<br \/>\n<strong>Du 7 au 9 Novembre 2025<\/strong><\/p>\n<p>Toi aussi tu veux nous rejoindre au Seul Festival Salsa Bachata Kizomba de la r\u00e9gion de Meaux?<br \/>\nAlors prends d\u00e8s \u00e0 pr\u00e9sent ton pass ici : <a href=\"https:\/\/www.keri-studio.com\/d-tails-et-inscription\/festival-afro-latino-de-meaux\">https:\/\/www.keri-studio.com\/d-tails-et-inscription\/festival-afro-latino-de-meaux-2024<\/a>[\/vc_column_text][vc_gallery interval=\u00a0\u00bb3&Prime; images=\u00a0\u00bb2737,2738,2739&Prime; img_size=\u00a0\u00bbmedium\u00a0\u00bb][\/vc_tta_section][\/vc_tta_pageable][\/vc_column][\/vc_row]\n","protected":false},"excerpt":{"rendered":"<p>[vc_row][vc_column][vc_tta_pageable no_fill_content_area=\u00a0\u00bbtrue\u00a0\u00bb autoplay=\u00a0\u00bb3&Prime; active_section=\u00a0\u00bb1&Prime; pagination_style=\u00a0\u00bboutline-square\u00a0\u00bb pagination_color=\u00a0\u00bbblack\u00a0\u00bb tab_position=\u00a0\u00bbtop\u00a0\u00bb][vc_tta_section title=\u00a0\u00bbF\u00eate de la Tarte en Prunes\u00a0\u00bb tab_id=\u00a0\u00bb1657992344539-75b2f9c9-e7ca\u00a0\u00bb][vc_column_text] PORTES OUVERTES Saison 2025\/2026 [\/vc_column_text][vc_row_inner][vc_column_inner][vc_single_image image=\u00a0\u00bb2733&Prime; img_size=\u00a0\u00bblarge\u00a0\u00bb alignment=\u00a0\u00bbcenter\u00a0\u00bb][vc_column_text] PORTES OUVERTES DU 8 AU 20 SEPT Viens d\u00e9couvrir l&rsquo;ensemble de nos disciplines en illimit\u00e9 pendant 2 semaines GRATUITEMENT ! [\/vc_column_text][\/vc_column_inner][\/vc_row_inner][\/vc_tta_section][vc_tta_section title=\u00a0\u00bbLa Guinguette Dal Mago\u00a0\u00bb tab_id=\u00a0\u00bb1657992344409-a83f2ad8-5ae7&Prime;][vc_column_text] Rejoins nous tous l&rsquo;\u00e9t\u00e9 \u00e0 la Guinguette Dal Mago\u00a0 [\/vc_column_text][vc_single_image image=\u00a0\u00bb2736&Prime; img_size=\u00a0\u00bblarge\u00a0\u00bb [&hellip;]<\/p>\n","protected":false},"author":1,"featured_media":0,"parent":0,"menu_order":0,"comment_status":"closed","ping_status":"closed","template":"","meta":[],"_links":{"self":[{"href":"http:\/\/danseafrolatine.fr\/V2\/index.php?rest_route=\/wp\/v2\/pages\/2018"}],"collection":[{"href":"http:\/\/danseafrolatine.fr\/V2\/index.php?rest_route=\/wp\/v2\/pages"}],"about":[{"href":"http:\/\/danseafrolatine.fr\/V2\/index.php?rest_route=\/wp\/v2\/types\/page"}],"author":[{"embeddable":true,"href":"http:\/\/danseafrolatine.fr\/V2\/index.php?rest_route=\/wp\/v2\/users\/1"}],"replies":[{"embeddable":true,"href":"http:\/\/danseafrolatine.fr\/V2\/index.php?rest_route=%2Fwp%2Fv2%2Fcomments&post=2018"}],"version-history":[{"count":26,"href":"http:\/\/danseafrolatine.fr\/V2\/index.php?rest_route=\/wp\/v2\/pages\/2018\/revisions"}],"predecessor-version":[{"id":2741,"href":"http:\/\/danseafrolatine.fr\/V2\/index.php?rest_route=\/wp\/v2\/pages\/2018\/revisions\/2741"}],"wp:attachment":[{"href":"http:\/\/danseafrolatine.fr\/V2\/index.php?rest_route=%2Fwp%2Fv2%2Fmedia&parent=2018"}],"curies":[{"name":"wp","href":"https:\/\/api.w.org\/{rel}","templated":true}]}}