{"id":2409,"date":"2021-09-11T18:26:49","date_gmt":"2021-09-11T16:26:49","guid":{"rendered":"http:\/\/danseafrolatine.fr\/V2\/?page_id=2409"},"modified":"2025-09-18T08:20:03","modified_gmt":"2025-09-18T06:20:03","slug":"planning-enfants","status":"publish","type":"page","link":"http:\/\/danseafrolatine.fr\/V2\/?page_id=2409","title":{"rendered":"PLANNING ENFANTS"},"content":{"rendered":"[vc_row][vc_column][vc_single_image image=\u00a0\u00bb2701&Prime; img_size=\u00a0\u00bblarge\u00a0\u00bb alignment=\u00a0\u00bbcenter\u00a0\u00bb title=\u00a0\u00bbPlanning cours enfants 2025 &#8211; 2026&Prime;][vc_column_text]Retrouvez tous nos cours pour la saison 2025-2026 (planning pr\u00e9visionnel qui sera mis \u00e0 jour fin septembre selon les inscriptions des adh\u00e9rents).<\/p>\n<p>La reprise des cours s&rsquo;effectuera lors des journ\u00e9es portes ouvertes, \u00e0 compt\u00e9 du <strong>8 septembre et qui dureront 2 semaines !<\/strong><\/p>\n<p>EN BLEU RETROUVEZ TOUTES LES OFFRES DESTIN\u00c9ES AUX ENFANTS ET ADOS ![\/vc_column_text][\/vc_column][\/vc_row][vc_row][vc_column]<div class='xtd-carousel-filmstrip__container xtd-carousel-filmstrip--offset-  filtered-image  '><div class='xtd-carousel-filmstrip' data-speed='100000'>[vc_single_image image=\u00a0\u00bb2281&Prime; img_size=\u00a0\u00bbLarge\u00a0\u00bb][vc_single_image image=\u00a0\u00bb2285&Prime; img_size=\u00a0\u00bblarge\u00a0\u00bb][vc_single_image image=\u00a0\u00bb2274&Prime; img_size=\u00a0\u00bblarge\u00a0\u00bb][vc_single_image image=\u00a0\u00bb2278&Prime; img_size=\u00a0\u00bblarge\u00a0\u00bb][vc_single_image image=\u00a0\u00bb2156&Prime; img_size=\u00a0\u00bblarge\u00a0\u00bb][vc_single_image image=\u00a0\u00bb2161&Prime; img_size=\u00a0\u00bblarge\u00a0\u00bb][vc_single_image image=\u00a0\u00bb2155&Prime; img_size=\u00a0\u00bblarge\u00a0\u00bb]<\/div><\/div>[\/vc_column][\/vc_row]\n","protected":false},"excerpt":{"rendered":"<p>[vc_row][vc_column][vc_single_image image=\u00a0\u00bb2701&Prime; img_size=\u00a0\u00bblarge\u00a0\u00bb alignment=\u00a0\u00bbcenter\u00a0\u00bb title=\u00a0\u00bbPlanning cours enfants 2025 &#8211; 2026&Prime;][vc_column_text]Retrouvez tous nos cours pour la saison 2025-2026 (planning pr\u00e9visionnel qui sera mis \u00e0 jour fin septembre selon les inscriptions des adh\u00e9rents). La reprise des cours s&rsquo;effectuera lors des journ\u00e9es portes ouvertes, \u00e0 compt\u00e9 du 8 septembre et qui dureront 2 semaines ! EN BLEU RETROUVEZ TOUTES LES OFFRES DESTIN\u00c9ES AUX [&hellip;]<\/p>\n","protected":false},"author":1,"featured_media":0,"parent":0,"menu_order":0,"comment_status":"closed","ping_status":"closed","template":"","meta":[],"_links":{"self":[{"href":"http:\/\/danseafrolatine.fr\/V2\/index.php?rest_route=\/wp\/v2\/pages\/2409"}],"collection":[{"href":"http:\/\/danseafrolatine.fr\/V2\/index.php?rest_route=\/wp\/v2\/pages"}],"about":[{"href":"http:\/\/danseafrolatine.fr\/V2\/index.php?rest_route=\/wp\/v2\/types\/page"}],"author":[{"embeddable":true,"href":"http:\/\/danseafrolatine.fr\/V2\/index.php?rest_route=\/wp\/v2\/users\/1"}],"replies":[{"embeddable":true,"href":"http:\/\/danseafrolatine.fr\/V2\/index.php?rest_route=%2Fwp%2Fv2%2Fcomments&post=2409"}],"version-history":[{"count":16,"href":"http:\/\/danseafrolatine.fr\/V2\/index.php?rest_route=\/wp\/v2\/pages\/2409\/revisions"}],"predecessor-version":[{"id":2432,"href":"http:\/\/danseafrolatine.fr\/V2\/index.php?rest_route=\/wp\/v2\/pages\/2409\/revisions\/2432"}],"wp:attachment":[{"href":"http:\/\/danseafrolatine.fr\/V2\/index.php?rest_route=%2Fwp%2Fv2%2Fmedia&parent=2409"}],"curies":[{"name":"wp","href":"https:\/\/api.w.org\/{rel}","templated":true}]}}