{"id":9,"date":"2016-03-30T16:45:34","date_gmt":"2016-03-30T16:45:34","guid":{"rendered":"http:\/\/sandbox.curlythemes.com\/pirouette\/?page_id=9"},"modified":"2023-07-31T22:41:22","modified_gmt":"2023-07-31T20:41:22","slug":"classes","status":"publish","type":"page","link":"http:\/\/danseafrolatine.fr\/V2\/?page_id=9","title":{"rendered":"Nos danses"},"content":{"rendered":"[vc_row full_width=\u00a0\u00bbstretch_row\u00a0\u00bb equal_height=\u00a0\u00bbyes\u00a0\u00bb content_placement=\u00a0\u00bbmiddle\u00a0\u00bb curly_padding=\u00a0\u00bbcontent-padding-lg\u00a0\u00bb css=\u00a0\u00bb.vc_custom_1474550710558{border-bottom-width: 1px !important;border-bottom-color: #f4f4f4 !important;border-bottom-style: solid !important;}\u00a0\u00bb][vc_column width=\u00a0\u00bb1\/2&Prime;][vc_single_image image=\u00a0\u00bb949&Prime; img_size=\u00a0\u00bblarge\u00a0\u00bb css=\u00a0\u00bb.vc_custom_1630962051806{margin-bottom: 0px !important;}\u00a0\u00bb el_class=\u00a0\u00bbimg-frame-large\u00a0\u00bb][vc_single_image image=\u00a0\u00bb2242&Prime; img_size=\u00a0\u00bbmedium\u00a0\u00bb style=\u00a0\u00bbimg-frame-large\u00a0\u00bb curly_layer_parallax=\u00a0\u00bbtrue\u00a0\u00bb curly_max_width=\u00a0\u00bb20rem\u00a0\u00bb curly_layer_1_vertical=\u00a0\u00bbtop: 40%\u00a0\u00bb curly_layer_1_horizontal=\u00a0\u00bbright: -20%\u00a0\u00bb curly_layer_1_ratio=\u00a0\u00bb1&Prime;][\/vc_column][vc_column width=\u00a0\u00bb1\/3&Prime; offset=\u00a0\u00bbvc_col-sm-offset-2&Prime;][vc_column_text curly_padding_side=\u00a0\u00bbcontent-side-padding-xxl\u00a0\u00bb]\n<h2><strong>Salsa cubaine<\/strong><br \/>\nprofesseur : Jon<\/h2>\n<p>La Salsa Cubaine est consid\u00e9r\u00e9e comme la principale danse latine. Elle se danse principalement en couple, de mani\u00e8re circulaire, selon des codes que l\u2019on arrive \u00e0 ma\u00eetriser facilement apr\u00e8s quelques mois de pratique.[\/vc_column_text][\/vc_column][\/vc_row][vc_row full_width=\u00a0\u00bbstretch_row\u00a0\u00bb equal_height=\u00a0\u00bbyes\u00a0\u00bb content_placement=\u00a0\u00bbmiddle\u00a0\u00bb curly_padding=\u00a0\u00bbcontent-padding-lg\u00a0\u00bb css=\u00a0\u00bb.vc_custom_1474550710558{border-bottom-width: 1px !important;border-bottom-color: #f4f4f4 !important;border-bottom-style: solid !important;}\u00a0\u00bb][vc_column width=\u00a0\u00bb1\/3&Prime;][vc_column_text curly_padding_side=\u00a0\u00bbcontent-side-padding-xxl\u00a0\u00bb]\n<h2><strong>Bachata<\/strong><br \/>\nProfesseur : D\u00e9<\/h2>\n<p>La Bachata est une danse populaire moderne, qui s\u2019est d\u00e9velopp\u00e9e en Europe au d\u00e9but des ann\u00e9es 2010. Le pas de base est simple, ce qui rend l\u2019apprentissage particuli\u00e8rement accessible, m\u00eame lorsque l\u2019on n\u2019a jamais dans\u00e9.[\/vc_column_text][\/vc_column][vc_column width=\u00a0\u00bb1\/2&Prime; offset=\u00a0\u00bbvc_col-sm-offset-2&Prime;][vc_column_text curly_padding_side=\u00a0\u00bbcontent-side-padding-xxl\u00a0\u00bb]\n<h2><strong>Kizomba<\/strong><br \/>\nProfesseur : Windye<\/h2>\n<p>La kizomba est une danse de couple qui se caract\u00e9rise par son \u00e9l\u00e9gance et la symbiose qu\u2019elle cr\u00e9e entre les couples de danseurs. Le rythme Kizomba est fortement impr\u00e9gn\u00e9 des sonorit\u00e9s du Zouk. On surnomme la Kizomba le Tango Africain \u00e0 cause de la posture des danseurs et de son guidage subtil, inspir\u00e9s du tango argentin[\/vc_column_text][\/vc_column][\/vc_row][vc_row full_width=\u00a0\u00bbstretch_row\u00a0\u00bb equal_height=\u00a0\u00bbyes\u00a0\u00bb content_placement=\u00a0\u00bbmiddle\u00a0\u00bb curly_padding=\u00a0\u00bbcontent-padding-lg\u00a0\u00bb css=\u00a0\u00bb.vc_custom_1474550710558{border-bottom-width: 1px !important;border-bottom-color: #f4f4f4 !important;border-bottom-style: solid !important;}\u00a0\u00bb][vc_column width=\u00a0\u00bb1\/3&Prime;][vc_column_text curly_padding_side=\u00a0\u00bbcontent-side-padding-xxl\u00a0\u00bb]\n<h2><strong>Bachata lady styling<\/strong><br \/>\nProfesseur : Emilie<\/h2>\n<p>La bachata est une danse d&rsquo;origine de R\u00e9publique Dominicaine largement influenc\u00e9e depuis quelque ann\u00e9es par le style sensuel \u00e0 son arriv\u00e9e en Europe et plus sp\u00e9cifiquement en Espagne. La Bachata Lady Styling permet d&rsquo;apprendre \u00e0 placer des mouvements dit \u00ab\u00a0de styling\u00a0\u00bb dans sa danse de couple mais aussi de savoir exprimer sa cr\u00e9ativit\u00e9 en solo face \u00e0 son partenaire.[\/vc_column_text][\/vc_column][vc_column width=\u00a0\u00bb1\/2&Prime; offset=\u00a0\u00bbvc_col-sm-offset-2&Prime;][vc_column_text curly_padding_side=\u00a0\u00bbcontent-side-padding-xxl\u00a0\u00bb]\n<h2><strong>Bachata Dominicaine<\/strong><br \/>\nProfesseur : Deisy<\/h2>\n<p>La Bachata Dominicaine est une forme non europ\u00e9anis\u00e9e de la bachata. Elle est tr\u00e8s rythm\u00e9e et \u00e9nergique et joue d&rsquo;avantage sur les jeux de pieds que ce soit en solo ou en couple.[\/vc_column_text][\/vc_column][\/vc_row][vc_row full_width=\u00a0\u00bbstretch_row\u00a0\u00bb equal_height=\u00a0\u00bbyes\u00a0\u00bb content_placement=\u00a0\u00bbmiddle\u00a0\u00bb curly_padding=\u00a0\u00bbcontent-padding-lg\u00a0\u00bb css=\u00a0\u00bb.vc_custom_1474550710558{border-bottom-width: 1px !important;border-bottom-color: #f4f4f4 !important;border-bottom-style: solid !important;}\u00a0\u00bb][vc_column width=\u00a0\u00bb1\/3&Prime;][vc_column_text curly_padding_side=\u00a0\u00bbcontent-side-padding-xxl\u00a0\u00bb]\n<h2><strong>Salsa Portoricaine (On1)<\/strong><br \/>\nProfesseur : D\u00e9<\/h2>\n<p>La salsa Portoricaine \u00e0 la diff\u00e9rence de sa cousine Cubaine se danse en ligne mais partage la m\u00eame base d&rsquo;alternance (dit sur le 1, ou On1). C&rsquo;est une danse \u00e9l\u00e9gante, technique et rythm\u00e9e ! Souvent appr\u00e9ci\u00e9e pour ses tours virevoltants et ses jeux de bras, elle saura vous convaincre ![\/vc_column_text][\/vc_column][vc_column width=\u00a0\u00bb1\/2&Prime; offset=\u00a0\u00bbvc_col-sm-offset-2&Prime;][vc_column_text curly_padding_side=\u00a0\u00bbcontent-side-padding-xxl\u00a0\u00bb]\n<h2><strong>Suelta (Salsa Cubaine)<\/strong><br \/>\nProfesseur : Deisy<\/h2>\n<p>La suelta est originaire de Cuba. Elle est souvent associ\u00e9e \u00e0 la salsa et est caract\u00e9ris\u00e9e par des mouvements rapides et fluides, ex\u00e9cut\u00e9s en solo. Contrairement \u00e0 la danse en couple, la suelta permet aux danseurs de s&rsquo;exprimer\u00a0individuellement, et d&rsquo;ajouter une dimension suppl\u00e9mentaire \u00e0 sa danse.[\/vc_column_text][\/vc_column][\/vc_row][vc_row full_width=\u00a0\u00bbstretch_row\u00a0\u00bb equal_height=\u00a0\u00bbyes\u00a0\u00bb content_placement=\u00a0\u00bbmiddle\u00a0\u00bb curly_padding=\u00a0\u00bbcontent-padding-lg\u00a0\u00bb css=\u00a0\u00bb.vc_custom_1474550710558{border-bottom-width: 1px !important;border-bottom-color: #f4f4f4 !important;border-bottom-style: solid !important;}\u00a0\u00bb][vc_column width=\u00a0\u00bb1\/3&Prime;][vc_column_text curly_padding_side=\u00a0\u00bbcontent-side-padding-xxl\u00a0\u00bb]\n<h2><strong>Street-jazz<\/strong><br \/>\nProfesseur : Elisa<\/h2>\n<p>Danse dite commerciale, elle demande la technique du modern-jazz avec une stylistique hip-hop. Puissance, style et \u00e9nergie sont les 3 mots cl\u00e9s de cette discipline[\/vc_column_text][\/vc_column][vc_column width=\u00a0\u00bb1\/2&Prime; offset=\u00a0\u00bbvc_col-sm-offset-2&Prime;][vc_column_text curly_padding_side=\u00a0\u00bbcontent-side-padding-xxl\u00a0\u00bb]\n<h2><strong>Chili Shape&rsquo;n Dance<\/strong><br \/>\nProfesseurs : Na\u00ebla<\/h2>\n<p>Le chili shape, <b>ce sont des routines musculaires au poids du corps sur les rythmes endiabl\u00e9s du moombathon<\/b>. Le chili est une chor\u00e9graphie \u00ab\u00a0caliente\u00a0\u00bb, amen\u00e9e pas apr\u00e8s pas, avec une p\u00e9dagogie fitness qui permet \u00e0 tout le monde de pouvoir l\u00e2cher prise et de travailler son d\u00e9hanch\u00e9 ![\/vc_column_text][\/vc_column][\/vc_row][vc_row full_width=\u00a0\u00bbstretch_row\u00a0\u00bb equal_height=\u00a0\u00bbyes\u00a0\u00bb content_placement=\u00a0\u00bbmiddle\u00a0\u00bb curly_padding=\u00a0\u00bbcontent-padding-lg\u00a0\u00bb css=\u00a0\u00bb.vc_custom_1474550710558{border-bottom-width: 1px !important;border-bottom-color: #f4f4f4 !important;border-bottom-style: solid !important;}\u00a0\u00bb][vc_column width=\u00a0\u00bb1\/2&Prime;][vc_single_image image=\u00a0\u00bb2252&Prime; img_size=\u00a0\u00bblarge\u00a0\u00bb css=\u00a0\u00bb.vc_custom_1630962374889{margin-bottom: 0px !important;}\u00a0\u00bb el_class=\u00a0\u00bbimg-frame-large\u00a0\u00bb][vc_single_image image=\u00a0\u00bb2253&Prime; img_size=\u00a0\u00bbmedium\u00a0\u00bb curly_layer_parallax=\u00a0\u00bbtrue\u00a0\u00bb curly_max_width=\u00a0\u00bb20rem\u00a0\u00bb el_class=\u00a0\u00bbimg-frame-large\u00a0\u00bb curly_layer_1_vertical=\u00a0\u00bbtop: 40%\u00a0\u00bb curly_layer_1_horizontal=\u00a0\u00bbright: -20%\u00a0\u00bb curly_layer_1_ratio=\u00a0\u00bb1&Prime;][\/vc_column][vc_column width=\u00a0\u00bb1\/3&Prime; offset=\u00a0\u00bbvc_col-sm-offset-2&Prime;][vc_column_text curly_padding_side=\u00a0\u00bbcontent-side-padding-xxl\u00a0\u00bb]\n<h2><strong>Modern-jazz<\/strong><br \/>\nProfesseur : Elisa<\/h2>\n<p>Le modern jazz laisse beaucoup de libert\u00e9 \u00e0 l&rsquo;expression du chor\u00e9graphe et du danseur sans pour autant en oublier toutes les techniques et les codes \u2026 Sur des musiques actuelles, vous apprendrez \u00e0 lacher prise[\/vc_column_text][\/vc_column][\/vc_row][vc_row full_width=\u00a0\u00bbstretch_row\u00a0\u00bb equal_height=\u00a0\u00bbyes\u00a0\u00bb content_placement=\u00a0\u00bbmiddle\u00a0\u00bb curly_padding=\u00a0\u00bbcontent-padding-lg\u00a0\u00bb css=\u00a0\u00bb.vc_custom_1474550710558{border-bottom-width: 1px !important;border-bottom-color: #f4f4f4 !important;border-bottom-style: solid !important;}\u00a0\u00bb][vc_column width=\u00a0\u00bb1\/3&Prime;][vc_column_text curly_padding_side=\u00a0\u00bbcontent-side-padding-xxl\u00a0\u00bb]\n<h2><strong>Cabaret<\/strong><br \/>\nProfesseurs : Amandine<\/h2>\n<p>La danse de cabaret est un style de danse qui est souvent associ\u00e9 aux spectacles de cabaret et de music-hall. Elle est caract\u00e9ris\u00e9e par des mouvements sensuels et expressifs, des costumes \u00e9labor\u00e9s et une grande pr\u00e9sence sc\u00e9nique. Elle peut inclure diff\u00e9rents styles tels que le burlesque, le jazz, le ballet et le hip-hop\u00a0&#8230;[\/vc_column_text][\/vc_column][vc_column width=\u00a0\u00bb1\/2&Prime; offset=\u00a0\u00bbvc_col-sm-offset-2&Prime;][vc_column_text curly_padding_side=\u00a0\u00bbcontent-side-padding-xxl\u00a0\u00bb]\n<h2><strong>Reggaeton<\/strong><br \/>\nProfesseurs : Luis-Carlos<\/h2>\n<p>Le Reggaeton est une danse urbaine qui s\u2019est d\u00e9velopp\u00e9e en Am\u00e9rique latine, notamment \u00e0 Porto Rico. Ce rythme aux sonorit\u00e9s \u00e0 la fois latines, Hip-hop et reggae permet une grande cr\u00e9ativit\u00e9 au niveau de la gestuelle.[\/vc_column_text][\/vc_column][\/vc_row][vc_row full_width=\u00a0\u00bbstretch_row\u00a0\u00bb equal_height=\u00a0\u00bbyes\u00a0\u00bb content_placement=\u00a0\u00bbmiddle\u00a0\u00bb curly_padding=\u00a0\u00bbcontent-padding-lg\u00a0\u00bb css=\u00a0\u00bb.vc_custom_1474550710558{border-bottom-width: 1px !important;border-bottom-color: #f4f4f4 !important;border-bottom-style: solid !important;}\u00a0\u00bb][vc_column width=\u00a0\u00bb1\/3&Prime;][vc_column_text curly_padding_side=\u00a0\u00bbcontent-side-padding-xxl\u00a0\u00bb]\n<h2><strong>Danse Africaine<\/strong><br \/>\nProfesseurs : K\u00e9vin et Bernard<\/h2>\n<p>La danse africaine est un terme g\u00e9n\u00e9rique qui englobe une grande diversit\u00e9 de styles de danse traditionnels issus de diff\u00e9rentes r\u00e9gions d&rsquo;Afrique. Elle est profond\u00e9ment enracin\u00e9e dans les cultures africaines et est souvent associ\u00e9e \u00e0 des rituels, des c\u00e9l\u00e9brations, des \u00e9v\u00e9nements sociaux&#8230;\u00a0Elle est appr\u00e9ci\u00e9e pour son \u00e9nergie contagieuse, sa polyrythmie, sa connexion \u00e0 la culture africaine et son potentiel d&rsquo;expression personnelle et artistique.[\/vc_column_text][\/vc_column][vc_column width=\u00a0\u00bb1\/2&Prime; offset=\u00a0\u00bbvc_col-sm-offset-2&Prime;][vc_column_text curly_padding_side=\u00a0\u00bbcontent-side-padding-xxl\u00a0\u00bb]\n<h2><strong>Zumba<\/strong><br \/>\nProfesseurs : Kevin et Bernard<\/h2>\n<p>Activit\u00e9 sportive et joviale par excellence, la Zumba n\u2019en finit plus de s\u00e9duire les personnes qui souhaitent se d\u00e9penser dans la bonne humeur. Se d\u00e9hancher sur des rythmes latinos, travailler son cardio, tonifier sa silhouette\u2026 Il faut dire que les bienfaits de la Zumba sont nombreux ![\/vc_column_text][\/vc_column][\/vc_row][vc_row full_width=\u00a0\u00bbstretch_row\u00a0\u00bb equal_height=\u00a0\u00bbyes\u00a0\u00bb content_placement=\u00a0\u00bbmiddle\u00a0\u00bb curly_padding=\u00a0\u00bbcontent-padding-lg\u00a0\u00bb css=\u00a0\u00bb.vc_custom_1474550710558{border-bottom-width: 1px !important;border-bottom-color: #f4f4f4 !important;border-bottom-style: solid !important;}\u00a0\u00bb][vc_column width=\u00a0\u00bb1\/3&Prime;][vc_column_text curly_padding_side=\u00a0\u00bbcontent-side-padding-xxl\u00a0\u00bb]\n<h2><strong>Gwoka<\/strong><br \/>\nProfesseurs : Windye<\/h2>\n<p>Le Gwoka est un genre musical et une danse traditionnelle originaire de la Guadeloupe. Il est consid\u00e9r\u00e9 comme un \u00e9l\u00e9ment essentiel de la culture guadeloup\u00e9enne. Le Gwoka est caract\u00e9ris\u00e9 par des rythmes de tambours appel\u00e9s \u00ab\u00a0ka\u00a0\u00bb, qui sont jou\u00e9s en groupe lors de performances musicales et de danses. C&rsquo;est une forme d&rsquo;expression artistique qui t\u00e9moigne de l&rsquo;histoire, de la spiritualit\u00e9 et de l&rsquo;identit\u00e9 de la Guadeloupe. Le Gwoka est \u00e9galement reconnu internationalement comme un art vivant et dynamique.[\/vc_column_text][\/vc_column][vc_column width=\u00a0\u00bb1\/2&Prime; offset=\u00a0\u00bbvc_col-sm-offset-2&Prime;][vc_column_text curly_padding_side=\u00a0\u00bbcontent-side-padding-xxl\u00a0\u00bb]\n<h2><strong>Soca<\/strong><br \/>\nProfesseurs : Windye<\/h2>\n<p>La Soca est caract\u00e9ris\u00e9e par ses rythmes entra\u00eenants, ses lignes de basse percutantes et ses paroles festives. Elle est souvent associ\u00e9e aux carnavals et aux f\u00eates de Trinidad-et-Tobago, o\u00f9 elle est largement jou\u00e9e et dans\u00e9e.[\/vc_column_text][\/vc_column][\/vc_row][vc_row full_width=\u00a0\u00bbstretch_row\u00a0\u00bb equal_height=\u00a0\u00bbyes\u00a0\u00bb content_placement=\u00a0\u00bbmiddle\u00a0\u00bb curly_padding=\u00a0\u00bbcontent-padding-lg\u00a0\u00bb css=\u00a0\u00bb.vc_custom_1474550710558{border-bottom-width: 1px !important;border-bottom-color: #f4f4f4 !important;border-bottom-style: solid !important;}\u00a0\u00bb][vc_column width=\u00a0\u00bb1\/3&Prime;][vc_column_text curly_padding_side=\u00a0\u00bbcontent-side-padding-xxl\u00a0\u00bb]\n<h2><strong>Afro-house<\/strong><br \/>\nProfesseur : BK<\/h2>\n<p>Cette\u00a0danse\u00a0est fortement inspir\u00e9e des danses traditionnelles Angolaise mais \u00e9galement du Pantsula (Afrique du Sud) et du NDombolo (Congo).\u00a0L&rsquo;afro House\u00a0refl\u00e8te l&rsquo;esprit de la jeunesse\u00a0Africaine\u00a0et Urbaine d&rsquo;aujourd&rsquo;hui. C&rsquo;est une danse dynamique et cardio mais surtout pleine de folie et de joie de vivre![\/vc_column_text][\/vc_column][vc_column width=\u00a0\u00bb1\/2&Prime; offset=\u00a0\u00bbvc_col-sm-offset-2&Prime;][vc_column_text curly_padding_side=\u00a0\u00bbcontent-side-padding-xxl\u00a0\u00bb]\n<h2><strong>Semba<\/strong><br \/>\nProfesseur : Ciryle<\/h2>\n<div class=\"sc-dHIava jSFEaV\">\n<div id=\"text-20883fad\" class=\"sc-cooIXK jFmMYb\">\n<div>\n<p dir=\"ltr\">Le Semba a des racines profondes dans la culture angolaise. Elle est n\u00e9e dans les ann\u00e9es 1950, pendant la p\u00e9riode coloniale, lorsque les Portugais ont apport\u00e9 leur musique et leur danse en Angola. Le Semba est n\u00e9e de cette fusion de cultures et de musiques.\u00a0Elle se danse en couple et est souvent accompagn\u00e9e d&rsquo;instruments de percussion tels que la guitare, la batterie et le berimbau.<\/p>\n<\/div>\n<\/div>\n<\/div>\n[\/vc_column_text][\/vc_column][\/vc_row][vc_row full_width=\u00a0\u00bbstretch_row\u00a0\u00bb equal_height=\u00a0\u00bbyes\u00a0\u00bb content_placement=\u00a0\u00bbmiddle\u00a0\u00bb curly_padding=\u00a0\u00bbcontent-padding-lg\u00a0\u00bb css=\u00a0\u00bb.vc_custom_1474991525876{border-bottom-width: 1px !important;padding-bottom: 15rem !important;border-bottom-color: #f4f4f4 !important;border-bottom-style: solid !important;}\u00a0\u00bb][vc_column width=\u00a0\u00bb1\/2&Prime;][vc_column_text curly_padding_side=\u00a0\u00bbcontent-side-padding-xxl\u00a0\u00bb]\n<h2><strong>Hip-Hop<\/strong><br \/>\nProfesseurs : Digiboy<\/h2>\n<p>Il n\u2019y a pas UNE danse hip-hop mais plusieurs. C\u2019est dans la rue que la danse hip-hop trouve ses racines et s\u2019invente constamment par des improvisations au gr\u00e9 des rencontres. On observe deux fa\u00e7ons de pratiquer\u00a0: les mouvements\u00a0 debout selon diverses techniques (poppin, boogaloo, lockin, hype,\u2026) et le\u00a0breakdance\u00a0qui se pratique au sol (jeux de jambes, cl\u00e9s, acrobaties,\u2026)[\/vc_column_text][\/vc_column][\/vc_row][vc_row full_width=\u00a0\u00bbstretch_row\u00a0\u00bb equal_height=\u00a0\u00bbyes\u00a0\u00bb content_placement=\u00a0\u00bbmiddle\u00a0\u00bb curly_padding=\u00a0\u00bbcontent-padding-lg\u00a0\u00bb css=\u00a0\u00bb.vc_custom_1474550710558{border-bottom-width: 1px !important;border-bottom-color: #f4f4f4 !important;border-bottom-style: solid !important;}\u00a0\u00bb][vc_column width=\u00a0\u00bb1\/3&Prime;][vc_column_text curly_padding_side=\u00a0\u00bbcontent-side-padding-xxl\u00a0\u00bb]\n<h2><strong>Pole Dance<\/strong><br \/>\nProfesseur : Emilie<\/h2>\n<p>La Pole Dance est une forme de danse acrobatique qui se pratique autour d&rsquo;une barre verticale en m\u00e9tal, appel\u00e9e pole. Elle combine des mouvements de danse, de gymnastique et de fitness pour cr\u00e9er une chor\u00e9graphie fluide et gracieuse.\u00a0C&rsquo;est un sport qui permet de se surpasser, de repousser ses limites et de se sentir bien dans son corps ![\/vc_column_text][\/vc_column][vc_column width=\u00a0\u00bb1\/2&Prime;][vc_single_image image=\u00a0\u00bb2539&Prime; img_size=\u00a0\u00bbmedium\u00a0\u00bb el_id=\u00a0\u00bbimg-frame-large\u00a0\u00bb][\/vc_column][\/vc_row][vc_row full_width=\u00a0\u00bbstretch_row_content_no_spaces\u00a0\u00bb curly_padding=\u00a0\u00bbcontent-padding-none\u00a0\u00bb css=\u00a0\u00bb.vc_custom_1471445746929{background-color: #656565 !important;}\u00a0\u00bb curly_parallax_parent=\u00a0\u00bbtrue\u00a0\u00bb el_class=\u00a0\u00bbparallax-visible\u00a0\u00bb curly_section_title=\u00a0\u00bbGallery\u00a0\u00bb curly_section_color=\u00a0\u00bbrgba(255,255,255,0.44)\u00a0\u00bb][vc_column css=\u00a0\u00bb.vc_custom_1474556385626{margin-top: -5.167rem !important;}\u00a0\u00bb curly_parallax_parent=\u00a0\u00bbtrue\u00a0\u00bb]<div class='xtd-carousel-filmstrip__container xtd-carousel-filmstrip--offset-  filtered-image  '><div class='xtd-carousel-filmstrip' data-speed='150000'>[vc_single_image image=\u00a0\u00bb2244&Prime; img_size=\u00a0\u00bblarge\u00a0\u00bb onclick=\u00a0\u00bblink_image\u00a0\u00bb el_class=\u00a0\u00bbtest\u00a0\u00bb][vc_single_image image=\u00a0\u00bb2243&Prime; img_size=\u00a0\u00bblarge\u00a0\u00bb onclick=\u00a0\u00bblink_image\u00a0\u00bb][vc_single_image image=\u00a0\u00bb2236&Prime; img_size=\u00a0\u00bblarge\u00a0\u00bb onclick=\u00a0\u00bblink_image\u00a0\u00bb][vc_single_image image=\u00a0\u00bb2234&Prime; img_size=\u00a0\u00bblarge\u00a0\u00bb][vc_single_image image=\u00a0\u00bb2163&Prime; img_size=\u00a0\u00bblarge\u00a0\u00bb][vc_single_image image=\u00a0\u00bb2160&Prime; img_size=\u00a0\u00bblarge\u00a0\u00bb onclick=\u00a0\u00bblink_image\u00a0\u00bb][vc_single_image image=\u00a0\u00bb2155&Prime; img_size=\u00a0\u00bblarge\u00a0\u00bb][vc_single_image image=\u00a0\u00bb2237&Prime; img_size=\u00a0\u00bblarge\u00a0\u00bb onclick=\u00a0\u00bblink_image\u00a0\u00bb]<\/div><\/div>[\/vc_column][\/vc_row]\n","protected":false},"excerpt":{"rendered":"<p>[vc_row full_width=\u00a0\u00bbstretch_row\u00a0\u00bb equal_height=\u00a0\u00bbyes\u00a0\u00bb content_placement=\u00a0\u00bbmiddle\u00a0\u00bb curly_padding=\u00a0\u00bbcontent-padding-lg\u00a0\u00bb css=\u00a0\u00bb.vc_custom_1474550710558{border-bottom-width: 1px !important;border-bottom-color: #f4f4f4 !important;border-bottom-style: solid !important;}\u00a0\u00bb][vc_column width=\u00a0\u00bb1\/2&Prime;][vc_single_image image=\u00a0\u00bb949&Prime; img_size=\u00a0\u00bblarge\u00a0\u00bb css=\u00a0\u00bb.vc_custom_1630962051806{margin-bottom: 0px !important;}\u00a0\u00bb el_class=\u00a0\u00bbimg-frame-large\u00a0\u00bb][vc_single_image image=\u00a0\u00bb2242&Prime; img_size=\u00a0\u00bbmedium\u00a0\u00bb style=\u00a0\u00bbimg-frame-large\u00a0\u00bb curly_layer_parallax=\u00a0\u00bbtrue\u00a0\u00bb curly_max_width=\u00a0\u00bb20rem\u00a0\u00bb curly_layer_1_vertical=\u00a0\u00bbtop: 40%\u00a0\u00bb curly_layer_1_horizontal=\u00a0\u00bbright: -20%\u00a0\u00bb curly_layer_1_ratio=\u00a0\u00bb1&Prime;][\/vc_column][vc_column width=\u00a0\u00bb1\/3&Prime; offset=\u00a0\u00bbvc_col-sm-offset-2&Prime;][vc_column_text curly_padding_side=\u00a0\u00bbcontent-side-padding-xxl\u00a0\u00bb] Salsa cubaine professeur : Jon La Salsa Cubaine est consid\u00e9r\u00e9e comme la principale danse latine. Elle se danse principalement en couple, de mani\u00e8re circulaire, selon des codes que [&hellip;]<\/p>\n","protected":false},"author":1,"featured_media":0,"parent":0,"menu_order":0,"comment_status":"closed","ping_status":"closed","template":"","meta":[],"_links":{"self":[{"href":"http:\/\/danseafrolatine.fr\/V2\/index.php?rest_route=\/wp\/v2\/pages\/9"}],"collection":[{"href":"http:\/\/danseafrolatine.fr\/V2\/index.php?rest_route=\/wp\/v2\/pages"}],"about":[{"href":"http:\/\/danseafrolatine.fr\/V2\/index.php?rest_route=\/wp\/v2\/types\/page"}],"author":[{"embeddable":true,"href":"http:\/\/danseafrolatine.fr\/V2\/index.php?rest_route=\/wp\/v2\/users\/1"}],"replies":[{"embeddable":true,"href":"http:\/\/danseafrolatine.fr\/V2\/index.php?rest_route=%2Fwp%2Fv2%2Fcomments&post=9"}],"version-history":[{"count":6,"href":"http:\/\/danseafrolatine.fr\/V2\/index.php?rest_route=\/wp\/v2\/pages\/9\/revisions"}],"predecessor-version":[{"id":2553,"href":"http:\/\/danseafrolatine.fr\/V2\/index.php?rest_route=\/wp\/v2\/pages\/9\/revisions\/2553"}],"wp:attachment":[{"href":"http:\/\/danseafrolatine.fr\/V2\/index.php?rest_route=%2Fwp%2Fv2%2Fmedia&parent=9"}],"curies":[{"name":"wp","href":"https:\/\/api.w.org\/{rel}","templated":true}]}}